{"id":310,"date":"2020-01-12T15:06:21","date_gmt":"2020-01-12T14:06:21","guid":{"rendered":"https:\/\/www.sdis-ouest-lavaux.ch\/amicale\/?page_id=310"},"modified":"2025-12-06T17:02:49","modified_gmt":"2025-12-06T16:02:49","slug":"assemblee-generale-aspol","status":"publish","type":"page","link":"https:\/\/www.sdis-ouest-lavaux.ch\/amicale\/assemblee-generale-aspol\/","title":{"rendered":"Assembl\u00e9e g\u00e9n\u00e9rale"},"content":{"rendered":"\n<h2 class=\"wp-block-heading has-vivid-red-color has-text-color\">PV Assembl\u00e9e G\u00e9n\u00e9rale 2025<\/h2>\n\n\n\n<div data-wp-interactive=\"core\/file\" class=\"wp-block-file\"><object data-wp-bind--hidden=\"!state.hasPdfPreview\" hidden class=\"wp-block-file__embed\" data=\"https:\/\/www.sdis-ouest-lavaux.ch\/amicale\/wp-content\/uploads\/2025\/12\/2025-03-26-PV-AG-2025.pdf\" type=\"application\/pdf\" style=\"width:100%;height:600px\" aria-label=\"Contenu embarqu\u00e9 2025-03-26 PV AG 2025.\"><\/object><a id=\"wp-block-file--media-2ce26d9e-c685-42fd-bf3d-b9b50776acf6\" href=\"https:\/\/www.sdis-ouest-lavaux.ch\/amicale\/wp-content\/uploads\/2025\/12\/2025-03-26-PV-AG-2025.pdf\">2025-03-26 PV AG 2025<\/a><a href=\"https:\/\/www.sdis-ouest-lavaux.ch\/amicale\/wp-content\/uploads\/2025\/12\/2025-03-26-PV-AG-2025.pdf\" class=\"wp-block-file__button wp-element-button\" download aria-describedby=\"wp-block-file--media-2ce26d9e-c685-42fd-bf3d-b9b50776acf6\">T\u00e9l\u00e9charger<\/a><\/div>\n\n\n\n<h2 class=\"wp-block-heading has-vivid-red-color has-text-color\" id=\"inscription\">Inscription<\/h2>\n\n\n\n\n<div class=\"wpcf7 no-js\" id=\"wpcf7-f306-o1\" lang=\"fr-FR\" dir=\"ltr\" data-wpcf7-id=\"306\">\n<div class=\"screen-reader-response\"><p role=\"status\" aria-live=\"polite\" aria-atomic=\"true\"><\/p> <ul><\/ul><\/div>\n<form action=\"\/amicale\/wp-json\/wp\/v2\/pages\/310#wpcf7-f306-o1\" method=\"post\" class=\"wpcf7-form init\" aria-label=\"Formulaire de contact\" novalidate=\"novalidate\" data-status=\"init\">\n<fieldset class=\"hidden-fields-container\"><input type=\"hidden\" name=\"_wpcf7\" value=\"306\" \/><input type=\"hidden\" name=\"_wpcf7_version\" value=\"6.1.5\" \/><input type=\"hidden\" name=\"_wpcf7_locale\" value=\"fr_FR\" \/><input type=\"hidden\" name=\"_wpcf7_unit_tag\" value=\"wpcf7-f306-o1\" \/><input type=\"hidden\" name=\"_wpcf7_container_post\" value=\"0\" \/><input type=\"hidden\" name=\"_wpcf7_posted_data_hash\" value=\"\" \/><input type=\"hidden\" name=\"_wpcf7_recaptcha_response\" value=\"\" \/>\n<\/fieldset>\n<p><label> Votre nom et pr\u00e9nom (obligatoire)<br \/>\n<span class=\"wpcf7-form-control-wrap\" data-name=\"your-name\"><input size=\"40\" maxlength=\"400\" class=\"wpcf7-form-control wpcf7-text wpcf7-validates-as-required\" aria-required=\"true\" aria-invalid=\"false\" value=\"\" type=\"text\" name=\"your-name\" \/><\/span> <\/label>\n<\/p>\n<p><label> Email (obligatoire)<br \/>\n<span class=\"wpcf7-form-control-wrap\" data-name=\"your-email\"><input size=\"40\" maxlength=\"400\" class=\"wpcf7-form-control wpcf7-email wpcf7-validates-as-required wpcf7-text wpcf7-validates-as-email\" aria-required=\"true\" aria-invalid=\"false\" value=\"\" type=\"email\" name=\"your-email\" \/><\/span> <\/label>\n<\/p>\n<p><label> Pr\u00e9sence \u00e0 l'assembl\u00e9e (obligatoire)<\/label><br \/>\n<span class=\"wpcf7-form-control-wrap\" data-name=\"checkbox-245\"><span class=\"wpcf7-form-control wpcf7-checkbox wpcf7-validates-as-required wpcf7-exclusive-checkbox\"><span class=\"wpcf7-list-item first\"><input type=\"checkbox\" name=\"checkbox-245\" value=\"Pr\u00e9sent(e)\" \/><span class=\"wpcf7-list-item-label\">Pr\u00e9sent(e)<\/span><\/span><span class=\"wpcf7-list-item last\"><input type=\"checkbox\" name=\"checkbox-245\" value=\"Absent(e)\" \/><span class=\"wpcf7-list-item-label\">Absent(e)<\/span><\/span><\/span><\/span>\n<\/p>\n<p><label> Pr\u00e9sence au souper (obligatoire)<br \/>\n<span class=\"wpcf7-form-control-wrap\" data-name=\"Presentausouper\"><select class=\"wpcf7-form-control wpcf7-select\" aria-invalid=\"false\" name=\"Presentausouper\"><option value=\"\">&#8212;Veuillez choisir une option&#8212;<\/option><option value=\"Oui\">Oui<\/option><option value=\"Non\">Non<\/option><\/select><\/span><\/label>\n<\/p>\n<p><label> En cas d'absence je donne procuration \u00e0:<\/label><br \/>\n<span class=\"wpcf7-form-control-wrap\" data-name=\"checkbox-903\"><span class=\"wpcf7-form-control wpcf7-checkbox\"><span class=\"wpcf7-list-item first\"><input type=\"checkbox\" name=\"checkbox-903[]\" value=\"Comit\u00e9\" \/><span class=\"wpcf7-list-item-label\">Comit\u00e9<\/span><\/span><span class=\"wpcf7-list-item last\"><input type=\"checkbox\" name=\"checkbox-903[]\" value=\"Autre\" \/><span class=\"wpcf7-list-item-label\">Autre<\/span><\/span><\/span><\/span>\n<\/p>\n<p><label> Autre Pr\u00e9cisez:<br \/>\n<span class=\"wpcf7-form-control-wrap\" data-name=\"Autreprcisez\"><input size=\"40\" maxlength=\"400\" class=\"wpcf7-form-control wpcf7-text\" aria-invalid=\"false\" value=\"\" type=\"text\" name=\"Autreprcisez\" \/><\/span><\/label>\n<\/p>\n<p><input class=\"wpcf7-form-control wpcf7-submit has-spinner\" type=\"submit\" value=\"Envoyer\" \/>\n<\/p><p style=\"display: none !important;\" class=\"akismet-fields-container\" data-prefix=\"_wpcf7_ak_\"><label>&#916;<textarea name=\"_wpcf7_ak_hp_textarea\" cols=\"45\" rows=\"8\" maxlength=\"100\"><\/textarea><\/label><input type=\"hidden\" id=\"ak_js_1\" name=\"_wpcf7_ak_js\" value=\"237\"\/><script type=\"text\/javascript\">\n\/* <![CDATA[ *\/\ndocument.getElementById( \"ak_js_1\" ).setAttribute( \"value\", ( new Date() ).getTime() );\n\/* ]]> *\/\n<\/script>\n<\/p><div class=\"wpcf7-response-output\" aria-hidden=\"true\"><\/div>\n<\/form>\n<\/div>\n\n","protected":false},"excerpt":{"rendered":"<p>PV Assembl\u00e9e G\u00e9n\u00e9rale 2025 Inscription<\/p>\n","protected":false},"author":2,"featured_media":0,"parent":0,"menu_order":0,"comment_status":"closed","ping_status":"closed","template":"","meta":{"footnotes":""},"class_list":["post-310","page","type-page","status-publish","hentry"],"_links":{"self":[{"href":"https:\/\/www.sdis-ouest-lavaux.ch\/amicale\/wp-json\/wp\/v2\/pages\/310","targetHints":{"allow":["GET"]}}],"collection":[{"href":"https:\/\/www.sdis-ouest-lavaux.ch\/amicale\/wp-json\/wp\/v2\/pages"}],"about":[{"href":"https:\/\/www.sdis-ouest-lavaux.ch\/amicale\/wp-json\/wp\/v2\/types\/page"}],"author":[{"embeddable":true,"href":"https:\/\/www.sdis-ouest-lavaux.ch\/amicale\/wp-json\/wp\/v2\/users\/2"}],"replies":[{"embeddable":true,"href":"https:\/\/www.sdis-ouest-lavaux.ch\/amicale\/wp-json\/wp\/v2\/comments?post=310"}],"version-history":[{"count":20,"href":"https:\/\/www.sdis-ouest-lavaux.ch\/amicale\/wp-json\/wp\/v2\/pages\/310\/revisions"}],"predecessor-version":[{"id":995,"href":"https:\/\/www.sdis-ouest-lavaux.ch\/amicale\/wp-json\/wp\/v2\/pages\/310\/revisions\/995"}],"wp:attachment":[{"href":"https:\/\/www.sdis-ouest-lavaux.ch\/amicale\/wp-json\/wp\/v2\/media?parent=310"}],"curies":[{"name":"wp","href":"https:\/\/api.w.org\/{rel}","templated":true}]}}